{"id":123,"date":"2025-09-01T16:32:49","date_gmt":"2025-09-01T16:32:49","guid":{"rendered":"http:\/\/branapw.cluster100.hosting.ovh.net\/?page_id=123"},"modified":"2025-09-01T16:32:49","modified_gmt":"2025-09-01T16:32:49","slug":"mentions-legales","status":"publish","type":"page","link":"http:\/\/www.sebastien-espinosa.fr\/index.php\/mentions-legales\/","title":{"rendered":"MENTIONS L\u00c9GALES"},"content":{"rendered":"\n<p>(Mise \u00e0 jour du 14 juin 2024)<\/p>\n\n\n\n<p>Conform\u00e9ment aux dispositions des Articles 6-III et 19 de la Loi n\u00b02004-575 du 21 juin 2004 pour la confiance dans l\u2019\u00e9conomie num\u00e9rique, dite L.C.E.N., il est port\u00e9 \u00e0 la connaissance des utilisateurs et visiteurs, les pr\u00e9sentes mentions l\u00e9gales.<\/p>\n\n\n\n<p>La connexion et la navigation sur&nbsp;sebastien-espinosa.com&nbsp;par l\u2019utilisateur implique l\u2019acceptation int\u00e9grale et sans r\u00e9serve des pr\u00e9sentes mentions l\u00e9gales.<\/p>\n\n\n\n<p><strong>ARTICLE 1 : L&rsquo;EDITEUR<\/strong><\/p>\n\n\n\n<p>L&rsquo;\u00e9dition du site est assur\u00e9e par l\u2019entreprise syst\u00e8me.io.<\/p>\n\n\n\n<p>Le si\u00e8ge social \u00e0 : ITACWT Limited situ\u00e9e 3 Cruise Park Rise, Tyrrelstown, Dublin 15, Irlande<\/p>\n\n\n\n<p>L\u2019adresse e-mail est : support@systeme.io<\/p>\n\n\n\n<p><strong>ARTICLE 2 : L&rsquo;HEBERGEUR<\/strong><\/p>\n\n\n\n<p>L&rsquo;h\u00e9bergeur du site est systeme.io dont le si\u00e8ge social est situ\u00e9 au ITACWT Limited situ\u00e9e 3 Cruise Park Rise, Tyrrelstown, Dublin 15, Irlande, ayant l\u2019\u2019adresse mail de contact suivante support@systeme.io<\/p>\n\n\n\n<p><strong>ARTICLE 3 : ACCES DU SITE ET PROTECTION DU SITE<\/strong><\/p>\n\n\n\n<p>Le site est accessible en tout endroit, 7j\/7, 24h\/24 sauf cas de force majeure, interruption programm\u00e9e ou non et pouvant d\u00e9coulant d\u2019une n\u00e9cessit\u00e9 de maintenance.<\/p>\n\n\n\n<p>En cas de modification, interruption ou suspension du site, l&rsquo;\u00e9diteur ne saurait \u00eatre tenu responsable.<\/p>\n\n\n\n<p>Toute utilisation, reproduction, diffusion, commercialisation, modification de toute ou partie du site, sans autorisation de l\u2019\u00e9diteur est prohib\u00e9e et pourra entra\u00een\u00e9e des actions et poursuites judiciaires telles que notamment pr\u00e9vues par le code de la propri\u00e9t\u00e9 intellectuelle et le code civil.<\/p>\n\n\n\n<p><strong>ARTICLE 4 : COLLECTE DES DONNEES<\/strong><\/p>\n\n\n\n<p>Le site assure \u00e0 l&rsquo;utilisateur une collecte et un traitement d&rsquo;informations personnelles dans le respect de la vie priv\u00e9e conform\u00e9ment \u00e0 la loi n\u00b078-17 du 6 janvier 1978 relative \u00e0 l&rsquo;informatique, aux fichiers et aux libert\u00e9s.<\/p>\n\n\n\n<p>En vertu de la loi informatique et libert\u00e9s, en date du 6 janvier 1978, l&rsquo;utilisateur dispose d&rsquo;un droit d&rsquo;acc\u00e8s, de rectification, de suppression et d&rsquo;opposition de ses donn\u00e9es personnelles.<\/p>\n\n\n\n<p>L&rsquo;utilisateur peut exercer ce droit par mail \u00e0 l&rsquo;adresse email :&nbsp;<a href=\"mailto:contact@sebastien-espinosa.com\">contact@sebastien-espinosa.com<\/a><\/p>\n\n\n\n<p>L\u2019utilisateur peut consulter nos&nbsp;conditions g\u00e9n\u00e9rales de vente&nbsp;et notre&nbsp;politique de confidentialit\u00e9&nbsp;pour plus d\u2019informations.<\/p>\n","protected":false},"excerpt":{"rendered":"<p>(Mise \u00e0 jour du 14 juin 2024) Conform\u00e9ment aux dispositions des Articles 6-III et 19 de la Loi n\u00b02004-575 du [&hellip;]<\/p>\n","protected":false},"author":1,"featured_media":0,"parent":0,"menu_order":0,"comment_status":"closed","ping_status":"closed","template":"","meta":{"site-sidebar-layout":"default","site-content-layout":"","ast-site-content-layout":"default","site-content-style":"default","site-sidebar-style":"default","ast-global-header-display":"","ast-banner-title-visibility":"","ast-main-header-display":"","ast-hfb-above-header-display":"","ast-hfb-below-header-display":"","ast-hfb-mobile-header-display":"","site-post-title":"","ast-breadcrumbs-content":"","ast-featured-img":"","footer-sml-layout":"","theme-transparent-header-meta":"","adv-header-id-meta":"","stick-header-meta":"","header-above-stick-meta":"","header-main-stick-meta":"","header-below-stick-meta":"","astra-migrate-meta-layouts":"default","ast-page-background-enabled":"default","ast-page-background-meta":{"desktop":{"background-color":"var(--ast-global-color-5)","background-image":"","background-repeat":"repeat","background-position":"center center","background-size":"auto","background-attachment":"scroll","background-type":"","background-media":"","overlay-type":"","overlay-color":"","overlay-opacity":"","overlay-gradient":""},"tablet":{"background-color":"","background-image":"","background-repeat":"repeat","background-position":"center center","background-size":"auto","background-attachment":"scroll","background-type":"","background-media":"","overlay-type":"","overlay-color":"","overlay-opacity":"","overlay-gradient":""},"mobile":{"background-color":"","background-image":"","background-repeat":"repeat","background-position":"center center","background-size":"auto","background-attachment":"scroll","background-type":"","background-media":"","overlay-type":"","overlay-color":"","overlay-opacity":"","overlay-gradient":""}},"ast-content-background-meta":{"desktop":{"background-color":"var(--ast-global-color-4)","background-image":"","background-repeat":"repeat","background-position":"center center","background-size":"auto","background-attachment":"scroll","background-type":"","background-media":"","overlay-type":"","overlay-color":"","overlay-opacity":"","overlay-gradient":""},"tablet":{"background-color":"var(--ast-global-color-4)","background-image":"","background-repeat":"repeat","background-position":"center center","background-size":"auto","background-attachment":"scroll","background-type":"","background-media":"","overlay-type":"","overlay-color":"","overlay-opacity":"","overlay-gradient":""},"mobile":{"background-color":"var(--ast-global-color-4)","background-image":"","background-repeat":"repeat","background-position":"center center","background-size":"auto","background-attachment":"scroll","background-type":"","background-media":"","overlay-type":"","overlay-color":"","overlay-opacity":"","overlay-gradient":""}},"footnotes":""},"class_list":["post-123","page","type-page","status-publish","hentry"],"_links":{"self":[{"href":"http:\/\/www.sebastien-espinosa.fr\/index.php\/wp-json\/wp\/v2\/pages\/123","targetHints":{"allow":["GET"]}}],"collection":[{"href":"http:\/\/www.sebastien-espinosa.fr\/index.php\/wp-json\/wp\/v2\/pages"}],"about":[{"href":"http:\/\/www.sebastien-espinosa.fr\/index.php\/wp-json\/wp\/v2\/types\/page"}],"author":[{"embeddable":true,"href":"http:\/\/www.sebastien-espinosa.fr\/index.php\/wp-json\/wp\/v2\/users\/1"}],"replies":[{"embeddable":true,"href":"http:\/\/www.sebastien-espinosa.fr\/index.php\/wp-json\/wp\/v2\/comments?post=123"}],"version-history":[{"count":1,"href":"http:\/\/www.sebastien-espinosa.fr\/index.php\/wp-json\/wp\/v2\/pages\/123\/revisions"}],"predecessor-version":[{"id":124,"href":"http:\/\/www.sebastien-espinosa.fr\/index.php\/wp-json\/wp\/v2\/pages\/123\/revisions\/124"}],"wp:attachment":[{"href":"http:\/\/www.sebastien-espinosa.fr\/index.php\/wp-json\/wp\/v2\/media?parent=123"}],"curies":[{"name":"wp","href":"https:\/\/api.w.org\/{rel}","templated":true}]}}