{"id":120,"date":"2025-09-01T16:31:38","date_gmt":"2025-09-01T16:31:38","guid":{"rendered":"http:\/\/branapw.cluster100.hosting.ovh.net\/?page_id=120"},"modified":"2025-09-01T16:31:38","modified_gmt":"2025-09-01T16:31:38","slug":"politique-de-confidentialite","status":"publish","type":"page","link":"http:\/\/www.sebastien-espinosa.fr\/index.php\/politique-de-confidentialite\/","title":{"rendered":"POLITIQUE DE CONFIDENTIALIT\u00c9"},"content":{"rendered":"\n<p>(<em>Mise \u00e0 jour du 14 juin 2024<\/em>)<\/p>\n\n\n\n<p>SOMMAIRE<\/p>\n\n\n\n<p><strong>ARTICLE 1 :&nbsp;<\/strong>OBJECTIF DE NOTRE POLITIQUE DE CONFIDENTIALITE<\/p>\n\n\n\n<p><strong>ARTICLE 2 :&nbsp;<\/strong>PRINCIPES G\u00c9N\u00c9RAUX EN MATI\u00c8RE DE COLLECTE ET DE TRAITEMENT DE DONN\u00c9ES<\/p>\n\n\n\n<p><strong>ARTICLE 3 :&nbsp;<\/strong>DEFINITIONS<\/p>\n\n\n\n<p><strong>ARTICLE 4 :&nbsp;<\/strong>TYPE DE DONNEES COLLECTEES<\/p>\n\n\n\n<p><strong>ARTICLE 5 :&nbsp;<\/strong>BUT DE LA COLLECTE DES DONNEES<\/p>\n\n\n\n<p><strong>ARTICLE 6 :&nbsp;<\/strong>DESTINATAIRE DES DONNEES<\/p>\n\n\n\n<p><strong>ARTICLE 7 :&nbsp;<\/strong>DUREE DE CONSERVATION DES DONNEES<\/p>\n\n\n\n<p><strong>ARTICLE 8 :&nbsp;<\/strong>RESPONSABLE DU TRAITEMENT DES DONNEES PERSONNELLES<\/p>\n\n\n\n<p><strong>ARTICLE 9 :&nbsp;<\/strong>DROIT DES UTILISATEURS<\/p>\n\n\n\n<p><strong>ARTICLE 10 :&nbsp;<\/strong>UTILISATION DES COOKIES<\/p>\n\n\n\n<p><strong>ARTICLE 11 :&nbsp;<\/strong>CONDITIONS DE MODIFICATION DE LA POLITIQUE DE CONFIDENTIALIT\u00c9<\/p>\n\n\n\n<p><strong>ARTICLE 1 : OBJECTIF DE NOTRE POLITIQUE DE CONFIDENTIALITE<\/strong><\/p>\n\n\n\n<p>Nous nous engageons \u00e0 offrir une transparence compl\u00e8te sur la mani\u00e8re dont nous collectons, traitons et utilisons les donn\u00e9es personnelles de nos utilisateurs.<\/p>\n\n\n\n<p>En conformit\u00e9 avec le R\u00e8glement G\u00e9n\u00e9ral sur la Protection des Donn\u00e9es (RGPD) du 27 avril 2016, notre priorit\u00e9 est de prot\u00e9ger et de garantir la confidentialit\u00e9 des informations personnelles fournies par les utilisateurs de notre site.<\/p>\n\n\n\n<p>La pr\u00e9sente politique de confidentialit\u00e9 expose aux utilisateurs du site :<\/p>\n\n\n\n<p>\u00a7 Le&nbsp;<strong>type de donn\u00e9es collect\u00e9es<\/strong>&nbsp;par l\u2019entreprise.<\/p>\n\n\n\n<p>\u00a7 La&nbsp;<strong>mani\u00e8re dont sont collect\u00e9es et trait\u00e9es leurs donn\u00e9es<\/strong>&nbsp;\u00e0 caract\u00e8re personnel.<\/p>\n\n\n\n<p>\u00a7 L\u2019<strong>objectif de la collecte&nbsp;<\/strong>de donn\u00e9es.<\/p>\n\n\n\n<p>\u00a7 A qui les&nbsp;<strong>donn\u00e9es personnelles peuvent \u00eatre transmises<\/strong>.<\/p>\n\n\n\n<p>\u00a7 La&nbsp;<strong>dur\u00e9e de conservation<\/strong>&nbsp;des donn\u00e9es<\/p>\n\n\n\n<p>\u00a7 Le&nbsp;<strong>responsable du traitement&nbsp;<\/strong>des donn\u00e9es personnelles<\/p>\n\n\n\n<p>\u00a7 Les&nbsp;<strong>droits des utilisateurs<\/strong><\/p>\n\n\n\n<p>\u00a7 L\u2019<strong>utilisation des cookies<\/strong><\/p>\n\n\n\n<p><strong>ARTICLE 2 : PRINCIPES G\u00c9N\u00c9RAUX EN MATI\u00c8RE DE COLLECTE ET DE TRAITEMENT DE DONN\u00c9ES<\/strong><\/p>\n\n\n\n<p>Conform\u00e9ment aux dispositions de l&rsquo;article 5 du r\u00e8glement europ\u00e9en 2016\/679, la collecte et le traitement des donn\u00e9es des utilisateurs du site respectent les principes suivants :<\/p>\n\n\n\n<p>\u00a7&nbsp;<strong>Lic\u00e9it\u00e9, loyaut\u00e9 et transparence<\/strong>: les donn\u00e9es ne peuvent \u00eatre collect\u00e9es et trait\u00e9es qu&rsquo;avec le consentement de l&rsquo;utilisateur propri\u00e9taire des donn\u00e9es. A chaque fois que des donn\u00e9es \u00e0 caract\u00e8re personnel seront collect\u00e9es, il sera indiqu\u00e9 \u00e0 l&rsquo;utilisateur que ses donn\u00e9es sont collect\u00e9es, et pour quelles raisons ses donn\u00e9es sont collect\u00e9es.<\/p>\n\n\n\n<p>\u00a7&nbsp;<strong>Finalit\u00e9s limit\u00e9es :<\/strong>&nbsp;la collecte et le traitement des donn\u00e9es sont ex\u00e9cut\u00e9s pour r\u00e9pondre \u00e0 un ou plusieurs objectifs d\u00e9termin\u00e9s dans les pr\u00e9sentes conditions g\u00e9n\u00e9rales d&rsquo;utilisation.<\/p>\n\n\n\n<p>\u00a7&nbsp;<strong>Minimisation de la collecte et du traitement des donn\u00e9es<\/strong>&nbsp;: seules les donn\u00e9es n\u00e9cessaires \u00e0 la bonne ex\u00e9cution des objectifs poursuivis par le site sont collect\u00e9es.<\/p>\n\n\n\n<p>\u00a7&nbsp;<strong>Conservation des donn\u00e9es r\u00e9duites dans le temps<\/strong>: les donn\u00e9es sont conserv\u00e9es pour une dur\u00e9e limit\u00e9e, dont l&rsquo;utilisateur est inform\u00e9. Lorsque cette information ne peut pas \u00eatre communiqu\u00e9e, l&rsquo;utilisateur est inform\u00e9 des crit\u00e8res utilis\u00e9s pour d\u00e9terminer la dur\u00e9e de conservation.<\/p>\n\n\n\n<p>\u00a7&nbsp;<strong>Int\u00e9grit\u00e9 et confidentialit\u00e9 des donn\u00e9es collect\u00e9es et trait\u00e9es<\/strong>&nbsp;: le responsable du traitement des donn\u00e9es s&rsquo;engage \u00e0 garantir l&rsquo;int\u00e9grit\u00e9 et la confidentialit\u00e9 des donn\u00e9es collect\u00e9es.<\/p>\n\n\n\n<p>Afin d&rsquo;\u00eatre licites, et ce conform\u00e9ment aux exigences de l&rsquo;article 6 du r\u00e8glement europ\u00e9en 2016\/679, la collecte et le traitement des donn\u00e9es \u00e0 caract\u00e8re personnel ne pourront intervenir que s&rsquo;ils respectent au moins l&rsquo;une des conditions ci-apr\u00e8s \u00e9num\u00e9r\u00e9es :<\/p>\n\n\n\n<p>\u00a7 L&rsquo;utilisateur a express\u00e9ment consenti au traitement.<\/p>\n\n\n\n<p>\u00a7 Le traitement est n\u00e9cessaire \u00e0 la bonne ex\u00e9cution d&rsquo;un contrat.<\/p>\n\n\n\n<p>\u00a7 Le traitement r\u00e9pond \u00e0 une obligation l\u00e9gale.<\/p>\n\n\n\n<p>\u00a7 Le traitement s&rsquo;explique par une n\u00e9cessit\u00e9 li\u00e9e \u00e0 la sauvegarde des int\u00e9r\u00eats vitaux de la personne concern\u00e9e ou d&rsquo;une autre personne physique.<\/p>\n\n\n\n<p>\u00a7 Le traitement peut s&rsquo;expliquer par une n\u00e9cessit\u00e9 li\u00e9e \u00e0 l&rsquo;ex\u00e9cution d&rsquo;une mission d&rsquo;int\u00e9r\u00eat public ou qui rel\u00e8ve de l&rsquo;exercice de l&rsquo;autorit\u00e9 publique.<\/p>\n\n\n\n<p>\u00a7 Le traitement et la collecte des donn\u00e9es \u00e0 caract\u00e8re personnel sont n\u00e9cessaires aux fins des int\u00e9r\u00eats l\u00e9gitimes et priv\u00e9s poursuivis par le responsable du traitement ou par un tiers.<\/p>\n\n\n\n<p><strong>ARTICLE 3 : DEFINITIONS<\/strong><\/p>\n\n\n\n<p>\u00a7&nbsp;<strong>\u00ab Utilisateur \u00bb<\/strong>&nbsp;: d\u00e9signe toute personne qui navigue, lit, visionne et utilise le pr\u00e9sent site internet.<\/p>\n\n\n\n<p>\u00a7&nbsp;<strong>\u00ab Donn\u00e9e personnelle \u00bb<\/strong>: toute information se rapportant \u00e0 une personne physique identifi\u00e9e ou identifiable. Est r\u00e9put\u00e9e identifiable une personne physique qui peut \u00eatre identifi\u00e9e, directement ou indirectement par des donn\u00e9es telle que : nom, pr\u00e9nom, adresse mail, donn\u00e9es de localisation, identifiant en ligne etc..<\/p>\n\n\n\n<p>\u00a7 \u00ab&nbsp;<strong>Traitement&nbsp;<\/strong>\u00bb : toute op\u00e9ration ou ensemble d&rsquo;op\u00e9rations effectu\u00e9es sur des donn\u00e9es Personnelles ou des ensembles de donn\u00e9es personnelles, que ce soit ou non par des moyens automatis\u00e9s, tels que la collecte, l&rsquo;enregistrement, l&rsquo;organisation, la structuration, la conservation, l&rsquo;adaptation ou la modification, l&rsquo;extraction, la consultation, l&rsquo;utilisation, la communication par transmission, la diffusion ou toute autre forme de mise \u00e0 disposition, le rapprochement ou l&rsquo;interconnexion, la limitation, l&rsquo;effacement ou la destruction.<\/p>\n\n\n\n<p>\u00a7&nbsp;<strong>\u00ab Responsable du traitement \u00bb<\/strong>: la personne physique qui d\u00e9termine les finalit\u00e9s et les moyens du traitement des donn\u00e9es personnelles.<\/p>\n\n\n\n<p>\u00a7&nbsp;<strong>\u00ab RGPD \u00bb<\/strong>&nbsp;: R\u00e8glement G\u00e9n\u00e9ral sur la Protection des Donn\u00e9es (UE) 2016\/679 du Parlement europ\u00e9en et du Conseil du 27 avril 2016, r\u00e9glementation principale en mati\u00e8re de protection des Donn\u00e9es Personnelles au sein de l\u2019Union europ\u00e9enne<\/p>\n\n\n\n<p>\u00a7&nbsp;<strong>\u00ab Cookie \u00bb<\/strong>&nbsp;: petit fichier texte envoy\u00e9 \u00e0 votre navigateur via le site internet consult\u00e9. Gr\u00e2ce \u00e0 ce cookie, des informations sur votre visite sont enregistr\u00e9es sur le site internet, facilitant ainsi votre navigation ult\u00e9rieure sur celui-ci et s\u00e9curisant votre connexion.<\/p>\n\n\n\n<p><strong>ARTICLE 4 : TYPE DE DONNEES COLLECTEES<\/strong><\/p>\n\n\n\n<p>Les donn\u00e9es collect\u00e9es sont essentielles \u00e0 la fourniture de nos services et sont recueillies de mani\u00e8re \u00e9thique et transparente.<\/p>\n\n\n\n<p>Les informations personnelles suivantes sont collect\u00e9es aupr\u00e8s de nos utilisateurs :<\/p>\n\n\n\n<p>&#8211;&nbsp;<strong>Nom et pr\u00e9nom<\/strong><\/p>\n\n\n\n<p>&#8211;&nbsp;<strong>Adresse mail<\/strong><\/p>\n\n\n\n<p><strong>ARTICLE 5 : BUT DE LA COLLECTE DES DONNEES<\/strong><\/p>\n\n\n\n<p>Les donn\u00e9es sont collect\u00e9es uniquement dans le but suivant :<\/p>\n\n\n\n<p>&#8211;&nbsp;<strong>Nom et pr\u00e9nom<\/strong>&nbsp;: pour l\u2019identification du client et l\u2019\u00e9tablissement d\u2019une facture.<\/p>\n\n\n\n<p>&#8211;&nbsp;<strong>Adresse mail&nbsp;<\/strong>: pour la communication avec le client.<\/p>\n\n\n\n<p><strong>ARTICLE 6 : DESTINATAIRE DES DONNEES<\/strong><\/p>\n\n\n\n<p>L\u2019entreprise, dans le cadre de son activit\u00e9 est la destinataire principale des donn\u00e9es collect\u00e9es.<\/p>\n\n\n\n<p>N\u00e9anmoins, les donn\u00e9es personnelles transitent par :<\/p>\n\n\n\n<p>&#8211; Systeme.io<\/p>\n\n\n\n<p>&#8211; Skool<\/p>\n\n\n\n<p>&#8211; Stripe<\/p>\n\n\n\n<p>&#8211; Paypal<\/p>\n\n\n\n<p>Ces outils disposent de leur propre politique de confidentialit\u00e9, dont le client s\u2019engage \u00e0 les consulter et \u00e0 y consentir avant de souscrire aux services de l\u2019entreprise.<\/p>\n\n\n\n<p>L\u2019entreprise s&rsquo;engage \u00e0 ne jamais divulguer, vendre, ou partager les donn\u00e9es collect\u00e9es aupr\u00e8s de ses utilisateurs sans avoir obtenu au pr\u00e9alable leur consentement explicite.<\/p>\n\n\n\n<p><strong>ARTICLE 7 : DUREE DE CONSERVATION DES DONNEES<\/strong><\/p>\n\n\n\n<p>Les donn\u00e9es collect\u00e9es par l\u2019entreprise sont conserv\u00e9es pour des dur\u00e9es d\u00e9finies en fonction de leur nature et des n\u00e9cessit\u00e9s l\u00e9gales et op\u00e9rationnelles :<\/p>\n\n\n\n<p>\u00a7&nbsp;<strong>Donn\u00e9es li\u00e9es \u00e0 la gestion des commandes et la relation commerciale<\/strong>&nbsp;: ces informations sont conserv\u00e9es pendant la dur\u00e9e de la relation commerciale avec l&rsquo;utilisateur. \u00c0 la suite de la derni\u00e8re interaction par mail, ces donn\u00e9es sont archiv\u00e9es pour une p\u00e9riode de&nbsp;<strong>3 ans&nbsp;<\/strong>pour les besoins de suivi commercial.<\/p>\n\n\n\n<p>\u00a7&nbsp;<strong>Donn\u00e9es li\u00e9es aux obligations l\u00e9gales de conservation de l\u2019entreprise :&nbsp;<\/strong>ces informations sont archiv\u00e9es pendant 10 ans.<\/p>\n\n\n\n<p>\u00a7&nbsp;<strong>Donn\u00e9es de paiement&nbsp;<\/strong>: conform\u00e9ment aux modalit\u00e9s de paiement, l\u2019entreprise ne stocke pas de donn\u00e9es de paiement.<\/p>\n\n\n\n<p>\u00a7&nbsp;<strong>Donn\u00e9es pour les analyses statistiques et marketing<\/strong>&nbsp;: pour mieux comprendre les besoins de nos utilisateurs et am\u00e9liorer nos services, la conservation de ces donn\u00e9es sont de 3 ans suivant la fin de la relation commerciale, de mani\u00e8re anonymis\u00e9e.<\/p>\n\n\n\n<p>Lorsque le traitement des donn\u00e9es se base sur le consentement de l&rsquo;utilisateur, celui-ci peut le retirer \u00e0 tout moment, sans affecter la lic\u00e9it\u00e9 du traitement bas\u00e9 sur le consentement effectu\u00e9 avant ce retrait.<\/p>\n\n\n\n<p>L&rsquo;entreprise s&rsquo;engage \u00e0 respecter ces p\u00e9riodes de conservation et \u00e0 assurer la protection des donn\u00e9es personnelles pendant toute leur dur\u00e9e de vie.<\/p>\n\n\n\n<p>Elle s&rsquo;engage \u00e0 ne conserver les donn\u00e9es personnelles que pour la dur\u00e9e n\u00e9cessaire \u00e0 la r\u00e9alisation des finalit\u00e9s pour lesquelles elles ont \u00e9t\u00e9 collect\u00e9es ou pour respecter les obligations l\u00e9gales.<\/p>\n\n\n\n<p><strong>ARTICLE 8 : RESPONSABLE DU TRAITEMENT DES DONNEES PERSONNELLES<\/strong><\/p>\n\n\n\n<p>Le responsable du traitement des donn\u00e9es \u00e0 caract\u00e8re personnel est M Espinosa s\u00e9bastien, pouvant \u00eatre contact\u00e9 sur&nbsp;<a href=\"mailto:contact@sebastien-espinosa.com\">contact@sebastien-espinosa.com<\/a>&nbsp;.Le responsable du traitement des donn\u00e9es est charg\u00e9 de d\u00e9terminer les finalit\u00e9s et les moyens mis au service du traitement des donn\u00e9es \u00e0 caract\u00e8re personnel.<\/p>\n\n\n\n<p>Le responsable du traitement s&rsquo;engage \u00e0 prot\u00e9ger les donn\u00e9es \u00e0 caract\u00e8re personnel collect\u00e9es, \u00e0 ne pas les transmettre \u00e0 des tiers sans que l&rsquo;utilisateur n&rsquo;en ait \u00e9t\u00e9 inform\u00e9 et \u00e0 respecter les finalit\u00e9s pour lesquelles ces donn\u00e9es ont \u00e9t\u00e9 collect\u00e9es.<\/p>\n\n\n\n<p>De plus, le responsable du traitement des donn\u00e9es s&rsquo;engage \u00e0 notifier l&rsquo;utilisateur en cas de rectification ou de suppression des donn\u00e9es, \u00e0 moins que cela n&rsquo;entra\u00eene pour lui des formalit\u00e9s, co\u00fbts et d\u00e9marches disproportionn\u00e9es.<\/p>\n\n\n\n<p>Dans le cas o\u00f9 l&rsquo;int\u00e9grit\u00e9, la confidentialit\u00e9 ou la s\u00e9curit\u00e9 des donn\u00e9es \u00e0 caract\u00e8re personnel de l&rsquo;utilisateur est compromise, le responsable du traitement s&rsquo;engage \u00e0 informer l&rsquo;utilisateur par tout moyen.<\/p>\n\n\n\n<p><strong>ARTICLE 9 : DROIT DES UTILISATEURS<\/strong><\/p>\n\n\n\n<p>Conform\u00e9ment \u00e0 la r\u00e9glementation concernant le traitement des donn\u00e9es \u00e0 caract\u00e8re personnel, l&rsquo;Utilisateur poss\u00e8de les droits ci-apr\u00e8s \u00e9num\u00e9r\u00e9s.<\/p>\n\n\n\n<p>Afin que le responsable du traitement des donn\u00e9es fasse droit \u00e0 sa demande, l&rsquo;utilisateur est tenu de lui communiquer son adresse e-mail.<\/p>\n\n\n\n<p>Le responsable du traitement des donn\u00e9es est tenu de r\u00e9pondre \u00e0 l&rsquo;utilisateur dans un d\u00e9lai de 30 jours maximum.<\/p>\n\n\n\n<p><em><strong>9.1 Droit d&rsquo;acc\u00e8s, de rectification et droit \u00e0 l&rsquo;effacement<\/strong><\/em><\/p>\n\n\n\n<p>L&rsquo;utilisateur peut prendre connaissance, mettre \u00e0 jour, modifier ou demander la suppression des donn\u00e9es le concernant, en respectant la proc\u00e9dure ci-apr\u00e8s \u00e9nonc\u00e9e :<\/p>\n\n\n\n<p>L&rsquo;utilisateur doit envoyer un courriel \u00e9lectronique \u00e0 l&rsquo;adresse mail&nbsp;<a href=\"mailto:contact@sebastien-espinosa.com\">contact@sebastien-espinosa.com<\/a>&nbsp;en sp\u00e9cifiant clairement l&rsquo;objet de sa requ\u00eate. Par exemple, l&rsquo;utilisateur peut intituler sa demande comme suit : \u00ab\u00a0Demande de suppression de mes donn\u00e9es personnelles\u00a0\u00bb.<\/p>\n\n\n\n<p><em><strong>9.2 Droit \u00e0 la portabilit\u00e9 des donn\u00e9es<\/strong><\/em><\/p>\n\n\n\n<p>L&rsquo;utilisateur a le droit de demander la portabilit\u00e9 de ses donn\u00e9es personnelles, d\u00e9tenues par le site, vers un autre site, en se conformant \u00e0 la proc\u00e9dure ci-apr\u00e8s :<\/p>\n\n\n\n<p>L&rsquo;utilisateur doit faire une demande de portabilit\u00e9 de ses donn\u00e9es personnelles aupr\u00e8s du responsable du traitement des donn\u00e9es, en envoyant un courriel \u00e9lectronique \u00e0 l&rsquo;adresse pr\u00e9vue ci-dessous :&nbsp;<a href=\"mailto:contact@sebastien-espinosa.com\">contact@sebastien-espinosa.com<\/a><\/p>\n\n\n\n<p><em><strong>9.3 Droit \u00e0 la limitation et \u00e0 l&rsquo;opposition du traitement des donn\u00e9es<\/strong><\/em><\/p>\n\n\n\n<p>L&rsquo;utilisateur a le droit de demander la limitation ou de s&rsquo;opposer au traitement de ses donn\u00e9es par le site, sans que le site ne puisse refuser, sauf \u00e0 d\u00e9montrer l&rsquo;existence de motifs l\u00e9gitimes et imp\u00e9rieux.<\/p>\n\n\n\n<p>Afin de demander la limitation du traitement de ses donn\u00e9es ou de formuler une opposition au traitement de ses donn\u00e9es, l&rsquo;utilisateur doit suivre la proc\u00e9dure suivante : l&rsquo;utilisateur doit faire une demande de limitation du traitement de ses donn\u00e9es personnelles par adresse \u00e9lectronique aupr\u00e8s du responsable du traitement des donn\u00e9es.<\/p>\n\n\n\n<p><em><strong>9.4 Droit de ne pas faire l&rsquo;objet d&rsquo;une d\u00e9cision fond\u00e9e exclusivement sur un proc\u00e9d\u00e9 automatis\u00e9<\/strong><\/em><\/p>\n\n\n\n<p>Conform\u00e9ment aux dispositions du r\u00e8glement 2016\/679, l&rsquo;utilisateur a le droit de ne pas faire l&rsquo;objet d&rsquo;une d\u00e9cision fond\u00e9e exclusivement sur un proc\u00e9d\u00e9 automatis\u00e9 si la d\u00e9cision produit des effets juridiques le concernant, ou l&rsquo;affecte de mani\u00e8re significative de fa\u00e7on similaire.<\/p>\n\n\n\n<p><em><strong>9.5 Droit de d\u00e9terminer le sort des donn\u00e9es apr\u00e8s la mort<\/strong><\/em><\/p>\n\n\n\n<p>Il est rappel\u00e9 \u00e0 l&rsquo;utilisateur qu&rsquo;il peut organiser quel doit \u00eatre le devenir de ses donn\u00e9es collect\u00e9es et trait\u00e9es s&rsquo;il d\u00e9c\u00e8de, conform\u00e9ment \u00e0 la loi n\u00b02016-1321 du 7 octobre 2016.<\/p>\n\n\n\n<p><em><strong>9.6 Droit de saisir l&rsquo;autorit\u00e9 de contr\u00f4le comp\u00e9tente<\/strong><\/em><\/p>\n\n\n\n<p>Dans le cas o\u00f9 le responsable du traitement des donn\u00e9es d\u00e9cide de ne pas r\u00e9pondre \u00e0 la demande de l&rsquo;utilisateur, et que l&rsquo;utilisateur souhaite contester cette d\u00e9cision, ou, s&rsquo;il pense qu&rsquo;il est port\u00e9 atteinte \u00e0 l&rsquo;un des droits \u00e9num\u00e9r\u00e9s ci-dessus, il est en droit de saisir la&nbsp;<a href=\"http:\/\/www.cnil.fr\/\">CNIL<\/a>&nbsp;(Commission Nationale de l&rsquo;Informatique et des Libert\u00e9s) ou tout juge comp\u00e9tent.<\/p>\n\n\n\n<p><em><strong>9.7 Donn\u00e9es personnelles des personnes mineures<\/strong><\/em><\/p>\n\n\n\n<p>Conform\u00e9ment aux dispositions de l&rsquo;article 8 du r\u00e8glement europ\u00e9en 2016\/679 et \u00e0 la loi Informatique et Libert\u00e9s, seuls les mineurs \u00e2g\u00e9s de 15 ans ou plus peuvent consentir au traitement de leurs donn\u00e9es personnelles.<\/p>\n\n\n\n<p>Si l&rsquo;utilisateur est un mineur de moins de 15 ans, l&rsquo;accord d&rsquo;un repr\u00e9sentant l\u00e9gal sera requis afin que des donn\u00e9es \u00e0 caract\u00e8re personnel puissent \u00eatre collect\u00e9es et trait\u00e9es.<\/p>\n\n\n\n<p>L&rsquo;\u00e9diteur du site se r\u00e9serve le droit de v\u00e9rifier par tout moyen que l&rsquo;utilisateur est \u00e2g\u00e9 de plus de 15 ans, ou qu&rsquo;il aura obtenu l&rsquo;accord d&rsquo;un repr\u00e9sentant l\u00e9gal avant de naviguer sur le site.<\/p>\n\n\n\n<p><strong>ARTICLE 10 : UTILISATION DES COOKIES<\/strong><\/p>\n\n\n\n<p>Nous n\u2019utilisons pas de cookies.<\/p>\n\n\n\n<p><strong>ARTICLE 11 : CONDITIONS DE MODIFICATION DE LA POLITIQUE DE CONFIDENTIALIT\u00c9<\/strong><\/p>\n\n\n\n<p>La pr\u00e9sente politique de confidentialit\u00e9 peut \u00eatre consult\u00e9e \u00e0 tout moment par l\u2019utilisateur.<\/p>\n\n\n\n<p>L&rsquo;\u00e9diteur du site se r\u00e9serve le droit de la modifier afin de garantir sa conformit\u00e9 avec le droit en vigueur.<\/p>\n\n\n\n<p>Les utilisateurs seront inform\u00e9s par mail en cas de modification substantielle de notre politique de confidentialit\u00e9.<\/p>\n\n\n\n<p>Il est port\u00e9 \u00e0 la connaissance de l\u2019utilisateur que la derni\u00e8re mise \u00e0 jour de la pr\u00e9sente politique de confidentialit\u00e9 est intervenue le :&nbsp;<strong>14 juin 2024.<\/strong><\/p>\n","protected":false},"excerpt":{"rendered":"<p>(Mise \u00e0 jour du 14 juin 2024) SOMMAIRE ARTICLE 1 :&nbsp;OBJECTIF DE NOTRE POLITIQUE DE CONFIDENTIALITE ARTICLE 2 :&nbsp;PRINCIPES G\u00c9N\u00c9RAUX [&hellip;]<\/p>\n","protected":false},"author":1,"featured_media":0,"parent":0,"menu_order":0,"comment_status":"closed","ping_status":"closed","template":"","meta":{"site-sidebar-layout":"default","site-content-layout":"","ast-site-content-layout":"default","site-content-style":"default","site-sidebar-style":"default","ast-global-header-display":"","ast-banner-title-visibility":"","ast-main-header-display":"","ast-hfb-above-header-display":"","ast-hfb-below-header-display":"","ast-hfb-mobile-header-display":"","site-post-title":"","ast-breadcrumbs-content":"","ast-featured-img":"","footer-sml-layout":"","theme-transparent-header-meta":"","adv-header-id-meta":"","stick-header-meta":"","header-above-stick-meta":"","header-main-stick-meta":"","header-below-stick-meta":"","astra-migrate-meta-layouts":"default","ast-page-background-enabled":"default","ast-page-background-meta":{"desktop":{"background-color":"var(--ast-global-color-5)","background-image":"","background-repeat":"repeat","background-position":"center center","background-size":"auto","background-attachment":"scroll","background-type":"","background-media":"","overlay-type":"","overlay-color":"","overlay-opacity":"","overlay-gradient":""},"tablet":{"background-color":"","background-image":"","background-repeat":"repeat","background-position":"center center","background-size":"auto","background-attachment":"scroll","background-type":"","background-media":"","overlay-type":"","overlay-color":"","overlay-opacity":"","overlay-gradient":""},"mobile":{"background-color":"","background-image":"","background-repeat":"repeat","background-position":"center center","background-size":"auto","background-attachment":"scroll","background-type":"","background-media":"","overlay-type":"","overlay-color":"","overlay-opacity":"","overlay-gradient":""}},"ast-content-background-meta":{"desktop":{"background-color":"var(--ast-global-color-4)","background-image":"","background-repeat":"repeat","background-position":"center center","background-size":"auto","background-attachment":"scroll","background-type":"","background-media":"","overlay-type":"","overlay-color":"","overlay-opacity":"","overlay-gradient":""},"tablet":{"background-color":"var(--ast-global-color-4)","background-image":"","background-repeat":"repeat","background-position":"center center","background-size":"auto","background-attachment":"scroll","background-type":"","background-media":"","overlay-type":"","overlay-color":"","overlay-opacity":"","overlay-gradient":""},"mobile":{"background-color":"var(--ast-global-color-4)","background-image":"","background-repeat":"repeat","background-position":"center center","background-size":"auto","background-attachment":"scroll","background-type":"","background-media":"","overlay-type":"","overlay-color":"","overlay-opacity":"","overlay-gradient":""}},"footnotes":""},"class_list":["post-120","page","type-page","status-publish","hentry"],"_links":{"self":[{"href":"http:\/\/www.sebastien-espinosa.fr\/index.php\/wp-json\/wp\/v2\/pages\/120","targetHints":{"allow":["GET"]}}],"collection":[{"href":"http:\/\/www.sebastien-espinosa.fr\/index.php\/wp-json\/wp\/v2\/pages"}],"about":[{"href":"http:\/\/www.sebastien-espinosa.fr\/index.php\/wp-json\/wp\/v2\/types\/page"}],"author":[{"embeddable":true,"href":"http:\/\/www.sebastien-espinosa.fr\/index.php\/wp-json\/wp\/v2\/users\/1"}],"replies":[{"embeddable":true,"href":"http:\/\/www.sebastien-espinosa.fr\/index.php\/wp-json\/wp\/v2\/comments?post=120"}],"version-history":[{"count":1,"href":"http:\/\/www.sebastien-espinosa.fr\/index.php\/wp-json\/wp\/v2\/pages\/120\/revisions"}],"predecessor-version":[{"id":121,"href":"http:\/\/www.sebastien-espinosa.fr\/index.php\/wp-json\/wp\/v2\/pages\/120\/revisions\/121"}],"wp:attachment":[{"href":"http:\/\/www.sebastien-espinosa.fr\/index.php\/wp-json\/wp\/v2\/media?parent=120"}],"curies":[{"name":"wp","href":"https:\/\/api.w.org\/{rel}","templated":true}]}}